{"id":12192,"date":"2024-10-10T08:01:58","date_gmt":"2024-10-10T08:01:58","guid":{"rendered":"https:\/\/www.venusdesign.eu\/rivenditori\/"},"modified":"2026-02-05T10:57:56","modified_gmt":"2026-02-05T10:57:56","slug":"detaillants","status":"publish","type":"page","link":"https:\/\/www.venusdesign.eu\/fr\/detaillants\/","title":{"rendered":"D\u00e9taillants"},"content":{"rendered":"<style>#gspb_row-id-gsbp-eb48c19{justify-content:space-between;margin-top:0px;margin-bottom:0px;display:flex;flex-wrap:wrap;}#gspb_row-id-gsbp-eb48c19 > .gspb_row__content{display:flex;justify-content:space-between;margin:0 auto;width:100%;flex-wrap:wrap;}.gspb_row{position:relative;}div[id^=gspb_col-id]{box-sizing:border-box;position:relative;}#gspb_row-id-gsbp-eb48c19 > .gspb_row__content{max-width:1720px;}#gspb_row-id-gsbp-eb48c19{margin-top:0px;margin-bottom:117px;padding-right:30px;padding-left:30px;}<\/style>\n<section class=\"wp-block-greenshift-blocks-row alignfull gspb_row gspb_row-id-gsbp-eb48c19\" id=\"gspb_row-id-gsbp-eb48c19\"><div class=\"gspb_row__content\"> <style>#gspb_col-id-gsbp-e33ee3c.gspb_row__col--12{width:100%;}@media (max-width:575.98px){#gspb_col-id-gsbp-e33ee3c.gspb_row__col--12{width:100%;}}.gspb_row #gspb_col-id-gsbp-e33ee3c.gspb_row__col--12{padding-top:88px;}<\/style>\n<div class=\"wp-block-greenshift-blocks-row-column gspb_row__col--12 gspb_col-id-gsbp-e33ee3c\" id=\"gspb_col-id-gsbp-e33ee3c\"><style>#gspb_heading-id-gsbp-9eadb50{font-family:Inter,sans-serif;}#gspb_heading-id-gsbp-9eadb50{font-size:var(--wp--preset--font-size--80-pixels) !important;line-height:80px;}#gspb_heading-id-gsbp-9eadb50,#gspb_heading-id-gsbp-9eadb50 a{text-decoration:none;}#gspb_heading-id-gsbp-9eadb50{font-weight:500!important;}#gspb_heading-id-gsbp-9eadb50{color:var(--wp--preset--color--principale,#000);}#gspb_heading-id-gsbp-9eadb50{margin-top:0px;margin-right:0px;margin-bottom:0px;margin-left:0px;}<\/style>\n<h1 id=\"gspb_heading-id-gsbp-9eadb50\" class=\"gspb_heading gspb_heading-id-gsbp-9eadb50 \">D\u00e9taillants<\/h1>\n\n\n<style>.gspb_text-id-gsbp-c392eb9{font-family:Inter,sans-serif;}.gspb_text-id-gsbp-c392eb9{font-size:var(--wp--preset--font-size--30-pixels) !important;}@media (max-width:575.98px){.gspb_text-id-gsbp-c392eb9{line-height:22px;}}.gspb_text-id-gsbp-c392eb9,.gspb_text-id-gsbp-c392eb9 .gsap-g-line{text-align:left!important;}.gspb_text-id-gsbp-c392eb9,.gspb_text-id-gsbp-c392eb9 a{text-decoration:none;}.gspb_text-id-gsbp-c392eb9{font-weight:500!important;}.gspb_text-id-gsbp-c392eb9{color:var(--wp--preset--color--principale,#000);}.gspb_text-id-gsbp-c392eb9{margin-top:0px!important;margin-bottom:0px!important;padding-bottom:42px!important;}@media (max-width:1023.98px){.gspb_text-id-gsbp-c392eb9{padding-top:20px!important;padding-bottom:20px!important;}}@media (max-width:575.98px){.gspb_text-id-gsbp-c392eb9{padding-bottom:25px!important;}}.gspb_text-id-gsbp-c392eb9{width:65%;}<\/style>\n<p id=\"gspb_text-id-gsbp-c392eb9\" class=\"gspb_text gspb_text-id-gsbp-c392eb9 \">Contactez-nous pour conna\u00eetre le d\u00e9taillant Venus Design le plus proche.<br>Remplissez le formulaire ci-dessous et d\u00e9crivez ici les types et quantit\u00e9s de portes int\u00e9rieures qui vous int\u00e9ressent.<\/p>\n\n\n\n<div class=\"wp-block-contact-form-7-contact-form-selector\">\n<div class=\"wpcf7 no-js\" id=\"wpcf7-f12126-o1\" lang=\"fr-FR\" dir=\"ltr\" data-wpcf7-id=\"12126\">\n<div class=\"screen-reader-response\"><p role=\"status\" aria-live=\"polite\" aria-atomic=\"true\"><\/p> <ul><\/ul><\/div>\n<form action=\"\/fr\/wp-json\/wp\/v2\/pages\/12192#wpcf7-f12126-o1\" method=\"post\" class=\"wpcf7-form init\" aria-label=\"Formulaire de contact\" novalidate=\"novalidate\" data-status=\"init\">\n<fieldset class=\"hidden-fields-container\"><input type=\"hidden\" name=\"_wpcf7\" value=\"12126\" \/><input type=\"hidden\" name=\"_wpcf7_version\" value=\"6.1.5\" \/><input type=\"hidden\" name=\"_wpcf7_locale\" value=\"fr_FR\" \/><input type=\"hidden\" name=\"_wpcf7_unit_tag\" value=\"wpcf7-f12126-o1\" \/><input type=\"hidden\" name=\"_wpcf7_container_post\" value=\"0\" \/><input type=\"hidden\" name=\"_wpcf7_posted_data_hash\" value=\"\" \/>\n<\/fieldset>\n<div class=\"ar-form\">\n\t<div class=\"ar-form__inner-top\">\n\t\t<p><span class=\"wpcf7-form-control-wrap\" data-name=\"nom\"><input size=\"40\" maxlength=\"400\" class=\"wpcf7-form-control wpcf7-text wpcf7-validates-as-required\" aria-required=\"true\" aria-invalid=\"false\" placeholder=\"Nom *\" value=\"\" type=\"text\" name=\"nom\" \/><\/span><span class=\"wpcf7-form-control-wrap\" data-name=\"prenom\"><input size=\"40\" maxlength=\"400\" class=\"wpcf7-form-control wpcf7-text wpcf7-validates-as-required\" aria-required=\"true\" aria-invalid=\"false\" placeholder=\"Pr\u00e9nom *\" value=\"\" type=\"text\" name=\"prenom\" \/><\/span><span class=\"wpcf7-form-control-wrap\" data-name=\"email\"><input size=\"40\" maxlength=\"400\" class=\"wpcf7-form-control wpcf7-email wpcf7-text wpcf7-validates-as-email\" aria-invalid=\"false\" placeholder=\"e-mail *\" value=\"\" type=\"email\" name=\"email\" \/><\/span><span class=\"wpcf7-form-control-wrap\" data-name=\"ville\"><input size=\"40\" maxlength=\"400\" class=\"wpcf7-form-control wpcf7-text wpcf7-validates-as-required\" aria-required=\"true\" aria-invalid=\"false\" placeholder=\"Ville *\" value=\"\" type=\"text\" name=\"ville\" \/><\/span><span class=\"wpcf7-form-control-wrap\" data-name=\"province\"><input size=\"40\" maxlength=\"400\" class=\"wpcf7-form-control wpcf7-text wpcf7-validates-as-required\" aria-required=\"true\" aria-invalid=\"false\" placeholder=\"Province *\" value=\"\" type=\"text\" name=\"province\" \/><\/span><span class=\"wpcf7-form-control-wrap\" data-name=\"pays\"><input size=\"40\" maxlength=\"400\" class=\"wpcf7-form-control wpcf7-text wpcf7-validates-as-required\" aria-required=\"true\" aria-invalid=\"false\" placeholder=\"Pays *\" value=\"\" type=\"text\" name=\"pays\" \/><\/span>\n\t\t<\/p>\n\t<\/div>\n\t<div class=\"ar-form__inner-bottom\">\n\t\t<div class=\"div1\">\n\t\t\t<p><span class=\"wpcf7-form-control-wrap\" data-name=\"message\"><textarea cols=\"40\" rows=\"10\" maxlength=\"2000\" class=\"wpcf7-form-control wpcf7-textarea wpcf7-validates-as-required\" aria-required=\"true\" aria-invalid=\"false\" placeholder=\"Message *\" name=\"message\"><\/textarea><\/span>\n\t\t\t<\/p>\n\t\t<\/div>\n\t\t<div class=\"div2\">\n\t\t\t<p><span class=\"wpcf7-form-control-wrap\" data-name=\"servizio\"><select class=\"wpcf7-form-control wpcf7-select wpcf7-validates-as-required\" aria-required=\"true\" aria-invalid=\"false\" name=\"servizio\"><option value=\"\">que recherchez-vous? *<\/option><option value=\"point de vente\">point de vente<\/option><option value=\"agent local\">agent local<\/option><\/select><\/span>\n\t\t\t<\/p>\n\t\t<\/div>\n\t<\/div>\n\t<p><span class=\"wpcf7-form-control-wrap\" data-name=\"newsletter\"><span class=\"wpcf7-form-control wpcf7-acceptance\"><span class=\"wpcf7-list-item\"><label><input type=\"checkbox\" name=\"newsletter\" value=\"1\" aria-invalid=\"false\" \/><span class=\"wpcf7-list-item-label\">J'accepte de recevoir des communications commerciales et\/ou des newsletters.<\/span><\/label><\/span><\/span><\/span><br \/>\n<span class=\"wpcf7-form-control-wrap\" data-name=\"privacy\"><span class=\"wpcf7-form-control wpcf7-acceptance\"><span class=\"wpcf7-list-item\"><label><input type=\"checkbox\" name=\"privacy\" value=\"1\" aria-invalid=\"false\" \/><span class=\"wpcf7-list-item-label\">Je d\u00e9clare avoir lu la <a href=\"#\">POLITIQUE DE CONFIDENTIALIT\u00c9<\/a> et j'exprime mon consentement au traitement des donn\u00e9es aux fins indiqu\u00e9es.<\/span><\/label><\/span><\/span><\/span><br \/>\n<button type=\"submit\" class=\"wpcf7-submit ar-button-code \">Envoyer<\/button>\n\t<\/p>\n<\/div><div class=\"wpcf7-response-output\" aria-hidden=\"true\"><\/div>\n<\/form>\n<\/div>\n<\/div>\n<\/div>\n <\/div><\/section>\n","protected":false},"excerpt":{"rendered":"","protected":false},"author":1,"featured_media":0,"parent":0,"menu_order":0,"comment_status":"closed","ping_status":"closed","template":"wp-custom-template-template-rivenditore","meta":{"_acf_changed":false,"_gspb_post_css":"#gspb_row-id-gsbp-eb48c19{justify-content:space-between;display:flex;flex-wrap:wrap;margin-top:0;margin-bottom:117px;padding-right:30px;padding-left:30px}#gspb_row-id-gsbp-eb48c19>.gspb_row__content{display:flex;justify-content:space-between;margin:0 auto;width:100%;flex-wrap:wrap;max-width:1720px}.gspb_row{position:relative}div[id^=gspb_col-id]{box-sizing:border-box;position:relative}#gspb_col-id-gsbp-e33ee3c.gspb_row__col--12{width:100%}@media (max-width:575.98px){#gspb_col-id-gsbp-e33ee3c.gspb_row__col--12{width:100%}}.gspb_row #gspb_col-id-gsbp-e33ee3c.gspb_row__col--12{padding-top:88px}#gspb_heading-id-gsbp-9eadb50{font-family:Inter,sans-serif;font-size:var(--wp--preset--font-size--80-pixels)!important;line-height:80px;text-decoration:none;font-weight:500!important;color:var(--wp--preset--color--principale, #000);margin:0}#gspb_heading-id-gsbp-9eadb50 a{text-decoration:none}.gspb_text-id-gsbp-c392eb9{font-family:Inter,sans-serif;font-size:var(--wp--preset--font-size--30-pixels)!important}@media (max-width:575.98px){.gspb_text-id-gsbp-c392eb9{line-height:22px}}.gspb_text-id-gsbp-c392eb9,.gspb_text-id-gsbp-c392eb9 .gsap-g-line{text-align:left!important}.gspb_text-id-gsbp-c392eb9,.gspb_text-id-gsbp-c392eb9 a{text-decoration:none}.gspb_text-id-gsbp-c392eb9{font-weight:500!important;color:var(--wp--preset--color--principale, #000);margin-top:0!important;margin-bottom:0!important;padding-bottom:42px!important}@media (max-width:991.98px){.gspb_text-id-gsbp-c392eb9{padding-top:20px!important;padding-bottom:20px!important}}@media (max-width:575.98px){.gspb_text-id-gsbp-c392eb9{padding-bottom:25px!important}}.gspb_text-id-gsbp-c392eb9{width:65%}","footnotes":""},"class_list":["post-12192","page","type-page","status-publish","hentry"],"acf":[],"_links":{"self":[{"href":"https:\/\/www.venusdesign.eu\/fr\/wp-json\/wp\/v2\/pages\/12192","targetHints":{"allow":["GET"]}}],"collection":[{"href":"https:\/\/www.venusdesign.eu\/fr\/wp-json\/wp\/v2\/pages"}],"about":[{"href":"https:\/\/www.venusdesign.eu\/fr\/wp-json\/wp\/v2\/types\/page"}],"author":[{"embeddable":true,"href":"https:\/\/www.venusdesign.eu\/fr\/wp-json\/wp\/v2\/users\/1"}],"replies":[{"embeddable":true,"href":"https:\/\/www.venusdesign.eu\/fr\/wp-json\/wp\/v2\/comments?post=12192"}],"version-history":[{"count":2,"href":"https:\/\/www.venusdesign.eu\/fr\/wp-json\/wp\/v2\/pages\/12192\/revisions"}],"predecessor-version":[{"id":14779,"href":"https:\/\/www.venusdesign.eu\/fr\/wp-json\/wp\/v2\/pages\/12192\/revisions\/14779"}],"wp:attachment":[{"href":"https:\/\/www.venusdesign.eu\/fr\/wp-json\/wp\/v2\/media?parent=12192"}],"curies":[{"name":"wp","href":"https:\/\/api.w.org\/{rel}","templated":true}]}}